{"id":189,"date":"2025-07-23T14:07:37","date_gmt":"2025-07-23T14:07:37","guid":{"rendered":"https:\/\/farcomunicacio.com\/far\/"},"modified":"2025-07-24T14:06:32","modified_gmt":"2025-07-24T14:06:32","slug":"far","status":"publish","type":"page","link":"https:\/\/farcomunicacio.com\/es\/far\/","title":{"rendered":"FAR"},"content":{"rendered":"<p><div class=\"fusion-fullwidth fullwidth-box fusion-builder-row-1 fusion-flex-container has-pattern-background has-mask-background hundred-percent-fullwidth non-hundred-percent-height-scrolling\" style=\"--awb-border-radius-top-left:0px;--awb-border-radius-top-right:0px;--awb-border-radius-bottom-right:0px;--awb-border-radius-bottom-left:0px;--awb-padding-top:3%;--awb-padding-bottom:3%;--awb-flex-wrap:wrap;\" ><div class=\"fusion-builder-row fusion-row fusion-flex-align-items-stretch fusion-flex-content-wrap\" style=\"width:104% !important;max-width:104% !important;margin-left: calc(-4% \/ 2 );margin-right: calc(-4% \/ 2 );\"><div class=\"fusion-layout-column fusion_builder_column fusion-builder-column-0 fusion_builder_column_1_2 1_2 fusion-flex-column\" style=\"--awb-bg-position:center center;--awb-bg-size:cover;--awb-width-large:50%;--awb-margin-top-large:0px;--awb-spacing-right-large:3.84%;--awb-margin-bottom-large:20px;--awb-spacing-left-large:3.84%;--awb-width-medium:50%;--awb-order-medium:0;--awb-spacing-right-medium:3.84%;--awb-spacing-left-medium:3.84%;--awb-width-small:100%;--awb-order-small:0;--awb-spacing-right-small:1.92%;--awb-spacing-left-small:1.92%;\"><div class=\"fusion-column-wrapper lazyload fusion-column-has-shadow fusion-flex-justify-content-flex-start fusion-content-layout-column fusion-empty-column-bg-image fusion-column-has-bg-image\" data-bg-url=\"https:\/\/farcomunicacio.com\/wp-content\/uploads\/2025\/07\/far-comunicacio-4.jpg\" data-bg=\"https:\/\/farcomunicacio.com\/wp-content\/uploads\/2025\/07\/far-comunicacio-4.jpg\"><img decoding=\"async\" class=\"fusion-empty-dims-img-placeholder fusion-no-large-visibility fusion-no-medium-visibility\" aria-label=\"far-comunicacio-4\" src=\"data:image\/svg+xml,%3Csvg%20xmlns%3D%27http%3A%2F%2Fwww.w3.org%2F2000%2Fsvg%27%20width%3D%271000%27%20height%3D%271000%27%20viewBox%3D%270%200%201000%201000%27%3E%3Crect%20width%3D%271000%27%20height%3D%271000%27%20fill-opacity%3D%220%22%2F%3E%3C%2Fsvg%3E\"><\/div><\/div><div class=\"fusion-layout-column fusion_builder_column fusion-builder-column-1 fusion_builder_column_1_2 1_2 fusion-flex-column\" style=\"--awb-bg-size:cover;--awb-width-large:50%;--awb-margin-top-large:3%;--awb-spacing-right-large:3.84%;--awb-margin-bottom-large:3%;--awb-spacing-left-large:3.84%;--awb-width-medium:50%;--awb-order-medium:0;--awb-spacing-right-medium:3.84%;--awb-spacing-left-medium:3.84%;--awb-width-small:100%;--awb-order-small:0;--awb-spacing-right-small:1.92%;--awb-spacing-left-small:1.92%;\"><div class=\"fusion-column-wrapper fusion-column-has-shadow fusion-flex-justify-content-flex-start fusion-content-layout-column\"><div class=\"fusion-title title fusion-title-1 fusion-sep-none fusion-title-text fusion-title-size-two\"><h2 class=\"fusion-title-heading title-heading-left\" style=\"margin:0;\">FAR es el resultado de m\u00e1s de 10 a\u00f1os de recorrido en el mundo de la comunicaci\u00f3n<\/h2><\/div><div class=\"fusion-text fusion-text-1\"><p><span style=\"font-weight: 400;\">FAR Comunicaci\u00f3n y Estrategia es un proyecto que nace a ra\u00edz de m\u00e1s de una d\u00e9cada de dedicaci\u00f3n profesional en el sector de la comunicaci\u00f3n. Despu\u00e9s de pasar por medios convencionales, trabajar en el departamento de comunicaci\u00f3n de una empresa y haber formado parte del equipo de diferentes agencias, hemos decidido comenzar esta nueva aventura.\u00a0<\/span><\/p>\n<p><span style=\"font-weight: 400;\">Le \u201chemos puesto nombre a la cosa\u201d y hemos decidido impulsar una marca, una forma de trabajar y una manera de relacionarnos con los clientes que conf\u00edan en nosotros en la que nos sentimos plenamente identificados.<\/span><\/p>\n<p><span style=\"font-weight: 400;\">FAR es una agencia de comunicaci\u00f3n que quiere ayudar a aquellas empresas, personas y proyectos que lo necesitan en cualquier \u00e1mbito que necesiten comunicar, explicar, transmitir y llegar un poco m\u00e1s all\u00e1.<\/span><\/p>\n<\/div><\/div><\/div><\/div><\/div><div class=\"fusion-fullwidth fullwidth-box fusion-builder-row-2 fusion-flex-container has-pattern-background has-mask-background hundred-percent-fullwidth non-hundred-percent-height-scrolling\" style=\"--awb-border-radius-top-left:0px;--awb-border-radius-top-right:0px;--awb-border-radius-bottom-right:0px;--awb-border-radius-bottom-left:0px;--awb-padding-top:3%;--awb-padding-bottom:3%;--awb-flex-wrap:wrap;\" ><div class=\"fusion-builder-row fusion-row fusion-flex-align-items-center fusion-flex-content-wrap\" style=\"width:104% !important;max-width:104% !important;margin-left: calc(-4% \/ 2 );margin-right: calc(-4% \/ 2 );\"><div class=\"fusion-layout-column fusion_builder_column fusion-builder-column-2 fusion_builder_column_1_2 1_2 fusion-flex-column\" style=\"--awb-bg-size:cover;--awb-width-large:50%;--awb-margin-top-large:3%;--awb-spacing-right-large:3.84%;--awb-margin-bottom-large:3%;--awb-spacing-left-large:3.84%;--awb-width-medium:50%;--awb-order-medium:0;--awb-spacing-right-medium:3.84%;--awb-spacing-left-medium:3.84%;--awb-width-small:100%;--awb-order-small:0;--awb-spacing-right-small:1.92%;--awb-spacing-left-small:1.92%;\"><div class=\"fusion-column-wrapper fusion-column-has-shadow fusion-flex-justify-content-flex-start fusion-content-layout-column\"><div class=\"fusion-title title fusion-title-2 fusion-sep-none fusion-title-text fusion-title-size-two\"><h2 class=\"fusion-title-heading title-heading-left\" style=\"margin:0;\">Comprometidos con el trabajo bien hecho<\/h2><\/div><div class=\"fusion-text fusion-text-2\"><p>En FAR estamos comprometidos con nuestros clientes y con el trabajo bien hecho. Por esto, somos plenamente conscientes de que nuestro equipo de colaboradores habituales en algunas ocasiones no puede asumir en condiciones \u00f3ptimas aquello que el cliente nos pide. Cuando esto pasa, somos sinceros y transparentes, se lo decimos y nos encargamos de buscar una nueva pieza para sumarla a nuestro equipo en este proyecto en concreto. Para nosotros el compromiso con el trabajo bien hecho es insobornable. <\/p>\n<p>Comprometidos con el trabajo bien hecho y con las personas que conf\u00edan en nosotros. Comprometidos con cumplir los plazos de entrega pactados. Comprometidos con aprender en cada uno de los proyectos y de afrontar retos. Comprometidos con la formaci\u00f3n constante para ser cada d\u00eda mejores y poder ayudar todav\u00eda m\u00e1s a aquellos que conf\u00edan en nosotros. Comprometidos con la conciliaci\u00f3n laboral, familiar y con todo aquello que no es trabajo, pero que nos hace felices, nos llena y alimenta nuestra creatividad.<\/p>\n<p>En FAR Comunicaci\u00f3n y Estrategia estamos comprometidos con la comunicaci\u00f3n con prop\u00f3sito, estrategia e impacto. Si conf\u00edas en nosotros, nos comprometemos a hacer todo lo que est\u00e9 en nuestras manos para \u00a1hacer que tu proyecto llegue a buen puerto!<\/p>\n<\/div><\/div><\/div><div class=\"fusion-layout-column fusion_builder_column fusion-builder-column-3 fusion_builder_column_1_2 1_2 fusion-flex-column\" style=\"--awb-bg-size:cover;--awb-width-large:50%;--awb-margin-top-large:0px;--awb-spacing-right-large:3.84%;--awb-margin-bottom-large:20px;--awb-spacing-left-large:3.84%;--awb-width-medium:50%;--awb-order-medium:0;--awb-spacing-right-medium:3.84%;--awb-spacing-left-medium:3.84%;--awb-width-small:100%;--awb-order-small:0;--awb-spacing-right-small:1.92%;--awb-spacing-left-small:1.92%;\"><div class=\"fusion-column-wrapper fusion-column-has-shadow fusion-flex-justify-content-flex-start fusion-content-layout-column\"><div class=\"fusion-image-element \" style=\"--awb-caption-title-font-family:var(--h2_typography-font-family);--awb-caption-title-font-weight:var(--h2_typography-font-weight);--awb-caption-title-font-style:var(--h2_typography-font-style);--awb-caption-title-size:var(--h2_typography-font-size);--awb-caption-title-transform:var(--h2_typography-text-transform);--awb-caption-title-line-height:var(--h2_typography-line-height);--awb-caption-title-letter-spacing:var(--h2_typography-letter-spacing);\"><span class=\" fusion-imageframe imageframe-none imageframe-1 hover-type-none\"><img decoding=\"async\" width=\"1500\" height=\"1000\" title=\"far-comunicacio-5\" src=\"https:\/\/farcomunicacio.com\/wp-content\/uploads\/2025\/07\/far-comunicacio-5.jpg\" data-orig-src=\"https:\/\/farcomunicacio.com\/wp-content\/uploads\/2025\/07\/far-comunicacio-5.jpg\" alt class=\"lazyload img-responsive wp-image-166\" srcset=\"data:image\/svg+xml,%3Csvg%20xmlns%3D%27http%3A%2F%2Fwww.w3.org%2F2000%2Fsvg%27%20width%3D%271500%27%20height%3D%271000%27%20viewBox%3D%270%200%201500%201000%27%3E%3Crect%20width%3D%271500%27%20height%3D%271000%27%20fill-opacity%3D%220%22%2F%3E%3C%2Fsvg%3E\" data-srcset=\"https:\/\/farcomunicacio.com\/wp-content\/uploads\/2025\/07\/far-comunicacio-5-200x133.jpg 200w, https:\/\/farcomunicacio.com\/wp-content\/uploads\/2025\/07\/far-comunicacio-5-400x267.jpg 400w, https:\/\/farcomunicacio.com\/wp-content\/uploads\/2025\/07\/far-comunicacio-5-600x400.jpg 600w, https:\/\/farcomunicacio.com\/wp-content\/uploads\/2025\/07\/far-comunicacio-5-800x533.jpg 800w, https:\/\/farcomunicacio.com\/wp-content\/uploads\/2025\/07\/far-comunicacio-5-1200x800.jpg 1200w, https:\/\/farcomunicacio.com\/wp-content\/uploads\/2025\/07\/far-comunicacio-5.jpg 1500w\" data-sizes=\"auto\" data-orig-sizes=\"(max-width: 640px) 100vw, 600px\" \/><\/span><\/div><\/div><\/div><\/div><\/div><div class=\"fusion-fullwidth fullwidth-box fusion-builder-row-3 fusion-flex-container has-pattern-background has-mask-background nonhundred-percent-fullwidth non-hundred-percent-height-scrolling\" style=\"--awb-border-radius-top-left:0px;--awb-border-radius-top-right:0px;--awb-border-radius-bottom-right:0px;--awb-border-radius-bottom-left:0px;--awb-flex-wrap:wrap;\" ><div class=\"fusion-builder-row fusion-row fusion-flex-align-items-flex-start fusion-flex-content-wrap\" style=\"max-width:1248px;margin-left: calc(-4% \/ 2 );margin-right: calc(-4% \/ 2 );\"><div class=\"fusion-layout-column fusion_builder_column fusion-builder-column-4 fusion_builder_column_1_1 1_1 fusion-flex-column\" style=\"--awb-padding-top:5%;--awb-padding-right:15%;--awb-padding-bottom:5%;--awb-padding-left:15%;--awb-overflow:hidden;--awb-bg-color:#91C4BCCC;--awb-bg-color-hover:#91C4BCCC;--awb-bg-position:left center;--awb-bg-size:10%;--awb-border-radius:15px 15px 15px 15px;--awb-width-large:100%;--awb-margin-top-large:0px;--awb-spacing-right-large:1.92%;--awb-margin-bottom-large:20px;--awb-spacing-left-large:1.92%;--awb-width-medium:100%;--awb-order-medium:0;--awb-spacing-right-medium:1.92%;--awb-spacing-left-medium:1.92%;--awb-width-small:100%;--awb-order-small:0;--awb-spacing-right-small:1.92%;--awb-spacing-left-small:1.92%;\"><div class=\"fusion-column-wrapper lazyload fusion-column-has-shadow fusion-flex-justify-content-flex-start fusion-content-layout-column fusion-column-has-bg-image\" data-bg-url=\"https:\/\/farcomunicacio.com\/wp-content\/uploads\/2025\/07\/Capa_1-8.png\" data-bg=\"https:\/\/farcomunicacio.com\/wp-content\/uploads\/2025\/07\/Capa_1-8.png\"><div class=\"fusion-title title fusion-title-3 fusion-sep-none fusion-title-center fusion-title-text fusion-title-size-three\"><h3 class=\"fusion-title-heading title-heading-center\" style=\"margin:0;\">\u00bfY por qu\u00e9 FAR?<\/h3><\/div><div class=\"fusion-text fusion-text-3\"><p style=\"text-align: center;\"><span style=\"font-weight: 400;\">Letraherida de pies a cabeza, siempre me ha atra\u00eddo el mundo de la comunicaci\u00f3n en todas sus vertientes y formas. Cuando decid\u00ed comenzar esta aventura de \u201cponer nombre a la cosa\u201d, lo tuve claro enseguida.<\/span><\/p>\n<p style=\"text-align: center;\"><span style=\"font-weight: 400;\">Desde siempre me han fascinado los faros. La idea de que sean punto de referencia para aquellos que andan perdidos en el mar, que sean quien despide a los navegantes que se adentrar en el mar buscando nuevas aventuras y, al mismo tiempo, sean quienes los reciben cuando vuelven a casa, me cautiva.<\/span><\/p>\n<p style=\"text-align: center;\"><span style=\"font-weight: 400;\">Y esto es precisamente lo que pretendemos: ser punto de referencia comunicativo y cobijo para aquellos que conf\u00edan en nosotros, ser quienes les acompa\u00f1an a conseguir nuevos retos y ser quien celebra con ellos los objetivos conseguidos.<\/span><\/p>\n<\/div><\/div><\/div><\/div><\/div><div class=\"fusion-fullwidth fullwidth-box fusion-builder-row-4 fusion-flex-container has-pattern-background has-mask-background nonhundred-percent-fullwidth non-hundred-percent-height-scrolling\" style=\"--awb-border-radius-top-left:0px;--awb-border-radius-top-right:0px;--awb-border-radius-bottom-right:0px;--awb-border-radius-bottom-left:0px;--awb-flex-wrap:wrap;\" ><div class=\"fusion-builder-row fusion-row fusion-flex-align-items-flex-start fusion-flex-content-wrap\" style=\"max-width:1248px;margin-left: calc(-4% \/ 2 );margin-right: calc(-4% \/ 2 );\"><div class=\"fusion-layout-column fusion_builder_column fusion-builder-column-5 fusion_builder_column_1_1 1_1 fusion-flex-column\" style=\"--awb-bg-size:cover;--awb-width-large:100%;--awb-margin-top-large:0px;--awb-spacing-right-large:1.92%;--awb-margin-bottom-large:20px;--awb-spacing-left-large:1.92%;--awb-width-medium:100%;--awb-order-medium:0;--awb-spacing-right-medium:1.92%;--awb-spacing-left-medium:1.92%;--awb-width-small:100%;--awb-order-small:0;--awb-spacing-right-small:1.92%;--awb-spacing-left-small:1.92%;\"><div class=\"fusion-column-wrapper fusion-column-has-shadow fusion-flex-justify-content-flex-start fusion-content-layout-column\"><div class=\"fusion-title title fusion-title-4 fusion-sep-none fusion-title-center fusion-title-text fusion-title-size-two\"><h2 class=\"fusion-title-heading title-heading-center\" style=\"margin:0;\">\u00a1En FAR nos comprometemos a hacer que tu proyecto llegue a buen puerto!<\/h2><\/div><\/div><\/div><\/div><\/div><\/p>\n","protected":false},"excerpt":{"rendered":"","protected":false},"author":1,"featured_media":0,"parent":0,"menu_order":0,"comment_status":"closed","ping_status":"closed","template":"100-width.php","meta":{"footnotes":""},"class_list":["post-189","page","type-page","status-publish","hentry"],"_links":{"self":[{"href":"https:\/\/farcomunicacio.com\/es\/wp-json\/wp\/v2\/pages\/189","targetHints":{"allow":["GET"]}}],"collection":[{"href":"https:\/\/farcomunicacio.com\/es\/wp-json\/wp\/v2\/pages"}],"about":[{"href":"https:\/\/farcomunicacio.com\/es\/wp-json\/wp\/v2\/types\/page"}],"author":[{"embeddable":true,"href":"https:\/\/farcomunicacio.com\/es\/wp-json\/wp\/v2\/users\/1"}],"replies":[{"embeddable":true,"href":"https:\/\/farcomunicacio.com\/es\/wp-json\/wp\/v2\/comments?post=189"}],"version-history":[{"count":3,"href":"https:\/\/farcomunicacio.com\/es\/wp-json\/wp\/v2\/pages\/189\/revisions"}],"predecessor-version":[{"id":204,"href":"https:\/\/farcomunicacio.com\/es\/wp-json\/wp\/v2\/pages\/189\/revisions\/204"}],"wp:attachment":[{"href":"https:\/\/farcomunicacio.com\/es\/wp-json\/wp\/v2\/media?parent=189"}],"curies":[{"name":"wp","href":"https:\/\/api.w.org\/{rel}","templated":true}]}}