{"id":191,"date":"2025-07-23T14:07:37","date_gmt":"2025-07-23T14:07:37","guid":{"rendered":"https:\/\/farcomunicacio.com\/les-nostres-aventures\/"},"modified":"2025-07-24T15:23:20","modified_gmt":"2025-07-24T15:23:20","slug":"nuestras-aventuras","status":"publish","type":"page","link":"https:\/\/farcomunicacio.com\/es\/nuestras-aventuras\/","title":{"rendered":"Nuestras aventuras"},"content":{"rendered":"<p><div class=\"fusion-fullwidth fullwidth-box fusion-builder-row-1 fusion-flex-container has-pattern-background has-mask-background hundred-percent-fullwidth non-hundred-percent-height-scrolling\" style=\"--awb-border-radius-top-left:0px;--awb-border-radius-top-right:0px;--awb-border-radius-bottom-right:0px;--awb-border-radius-bottom-left:0px;--awb-padding-top:3%;--awb-padding-bottom:3%;--awb-flex-wrap:wrap;\" ><div class=\"fusion-builder-row fusion-row fusion-flex-align-items-center fusion-flex-content-wrap\" style=\"width:104% !important;max-width:104% !important;margin-left: calc(-4% \/ 2 );margin-right: calc(-4% \/ 2 );\"><div class=\"fusion-layout-column fusion_builder_column fusion-builder-column-0 fusion_builder_column_1_2 1_2 fusion-flex-column\" style=\"--awb-bg-size:cover;--awb-width-large:50%;--awb-margin-top-large:0px;--awb-spacing-right-large:3.84%;--awb-margin-bottom-large:20px;--awb-spacing-left-large:3.84%;--awb-width-medium:50%;--awb-order-medium:0;--awb-spacing-right-medium:3.84%;--awb-spacing-left-medium:3.84%;--awb-width-small:100%;--awb-order-small:0;--awb-spacing-right-small:1.92%;--awb-spacing-left-small:1.92%;\"><div class=\"fusion-column-wrapper fusion-column-has-shadow fusion-flex-justify-content-flex-start fusion-content-layout-column\"><div class=\"fusion-title title fusion-title-1 fusion-sep-none fusion-title-text fusion-title-size-one\" style=\"--awb-text-color:#578f81;\"><h1 class=\"fusion-title-heading title-heading-left\" style=\"margin:0;\">Nuestras aventuras<\/h1><\/div><div class=\"fusion-title title fusion-title-2 fusion-sep-none fusion-title-text fusion-title-size-two\"><h2 class=\"fusion-title-heading title-heading-left\" style=\"margin:0;\">Comunicaci\u00f3n con prop\u00f3sito, estrategia e impacto<\/h2><\/div><div class=\"fusion-text fusion-text-1\"><p><span style=\"font-weight: 400;\">En <\/span><b>nuestras aventuras<\/b><span style=\"font-weight: 400;\"> encontrar\u00e9is un recopilatorio de algunos de los proyectos en los que hemos trabajado. Para nosotros, <\/span><b>cada cliente es una oportunidad, un reto y un aprendizaje. <\/b><span style=\"font-weight: 400;\">\u00a0Nos gusta trabajar codo con codo para poder ofrecerte los servicios de la manera en la que m\u00e1s se ajusten a lo que est\u00e1s buscando.<\/span><\/p>\n<\/div><div class=\"fusion-title title fusion-title-3 fusion-sep-none fusion-title-text fusion-title-size-two\"><h2 class=\"fusion-title-heading title-heading-left\" style=\"margin:0;\">El porqu\u00e9 del podcast de FAR Comunicaci\u00f3n y Estrategia<\/h2><\/div><div class=\"fusion-text fusion-text-2\"><p><span style=\"font-weight: 400;\">Para nosotros la comunicaci\u00f3n es la base de la sociedad: comunicar para informar o estar informado, comunicar para expandirse, comunicar para construir\u2026 En definitiva, <\/span><b>comunicar para existir. <\/b><span style=\"font-weight: 400;\">De la importancia de la comunicaci\u00f3n habla <\/span><b>nuestro podcast.<\/b><span style=\"font-weight: 400;\"> Te animamos a escuchar conversaciones con comunicadores para todos los gustos: desde periodistas que cubren crisis humanitarias hasta sommeliers, pasando por apasionados del mundo del deporte. <\/span><b>Estamos convencidos de que las reflexiones que se cuecen en nuestro podcast \u00a1no te dejar\u00e1n indiferente!<\/b><\/p>\n<\/div><\/div><\/div><div class=\"fusion-layout-column fusion_builder_column fusion-builder-column-1 fusion_builder_column_1_2 1_2 fusion-flex-column\" style=\"--awb-bg-size:cover;--awb-width-large:50%;--awb-margin-top-large:0px;--awb-spacing-right-large:3.84%;--awb-margin-bottom-large:20px;--awb-spacing-left-large:3.84%;--awb-width-medium:50%;--awb-order-medium:0;--awb-spacing-right-medium:3.84%;--awb-spacing-left-medium:3.84%;--awb-width-small:100%;--awb-order-small:0;--awb-spacing-right-small:1.92%;--awb-spacing-left-small:1.92%;\"><div class=\"fusion-column-wrapper fusion-column-has-shadow fusion-flex-justify-content-flex-start fusion-content-layout-column\"><div class=\"fusion-image-element \" style=\"--awb-caption-title-font-family:var(--h2_typography-font-family);--awb-caption-title-font-weight:var(--h2_typography-font-weight);--awb-caption-title-font-style:var(--h2_typography-font-style);--awb-caption-title-size:var(--h2_typography-font-size);--awb-caption-title-transform:var(--h2_typography-text-transform);--awb-caption-title-line-height:var(--h2_typography-line-height);--awb-caption-title-letter-spacing:var(--h2_typography-letter-spacing);\"><span class=\" fusion-imageframe imageframe-none imageframe-1 hover-type-none\"><img decoding=\"async\" width=\"1000\" height=\"1000\" title=\"far-comunicacio-8\" src=\"https:\/\/farcomunicacio.com\/wp-content\/uploads\/2025\/07\/far-comunicacio-8.jpg\" data-orig-src=\"https:\/\/farcomunicacio.com\/wp-content\/uploads\/2025\/07\/far-comunicacio-8.jpg\" alt class=\"lazyload img-responsive wp-image-170\" srcset=\"data:image\/svg+xml,%3Csvg%20xmlns%3D%27http%3A%2F%2Fwww.w3.org%2F2000%2Fsvg%27%20width%3D%271000%27%20height%3D%271000%27%20viewBox%3D%270%200%201000%201000%27%3E%3Crect%20width%3D%271000%27%20height%3D%271000%27%20fill-opacity%3D%220%22%2F%3E%3C%2Fsvg%3E\" data-srcset=\"https:\/\/farcomunicacio.com\/wp-content\/uploads\/2025\/07\/far-comunicacio-8-200x200.jpg 200w, https:\/\/farcomunicacio.com\/wp-content\/uploads\/2025\/07\/far-comunicacio-8-400x400.jpg 400w, https:\/\/farcomunicacio.com\/wp-content\/uploads\/2025\/07\/far-comunicacio-8-600x600.jpg 600w, https:\/\/farcomunicacio.com\/wp-content\/uploads\/2025\/07\/far-comunicacio-8-800x800.jpg 800w, https:\/\/farcomunicacio.com\/wp-content\/uploads\/2025\/07\/far-comunicacio-8.jpg 1000w\" data-sizes=\"auto\" data-orig-sizes=\"(max-width: 640px) 100vw, 600px\" \/><\/span><\/div><\/div><\/div><\/div><\/div><div class=\"fusion-fullwidth fullwidth-box fusion-builder-row-2 fusion-flex-container has-pattern-background has-mask-background hundred-percent-fullwidth non-hundred-percent-height-scrolling\" style=\"--awb-border-radius-top-left:0px;--awb-border-radius-top-right:0px;--awb-border-radius-bottom-right:0px;--awb-border-radius-bottom-left:0px;--awb-flex-wrap:wrap;\" ><div class=\"fusion-builder-row fusion-row fusion-flex-align-items-flex-start fusion-flex-content-wrap\" style=\"width:104% !important;max-width:104% !important;margin-left: calc(-4% \/ 2 );margin-right: calc(-4% \/ 2 );\"><div class=\"fusion-layout-column fusion_builder_column fusion-builder-column-2 fusion_builder_column_1_1 1_1 fusion-flex-column\" style=\"--awb-bg-size:cover;--awb-width-large:100%;--awb-margin-top-large:0px;--awb-spacing-right-large:1.92%;--awb-margin-bottom-large:20px;--awb-spacing-left-large:1.92%;--awb-width-medium:100%;--awb-order-medium:0;--awb-spacing-right-medium:1.92%;--awb-spacing-left-medium:1.92%;--awb-width-small:100%;--awb-order-small:0;--awb-spacing-right-small:1.92%;--awb-spacing-left-small:1.92%;\"><div class=\"fusion-column-wrapper fusion-column-has-shadow fusion-flex-justify-content-flex-start fusion-content-layout-column\"><div class=\"fusion-text fusion-text-3\"><div class=\"tetris-blog-grid\">\r\n        <div class=\"tetris-wrapper\">\r\n\r\n                            <div class=\"tetris-image-block\" style=\"background-color: #91C4BC\">\r\n                    <div class=\"tetris-image-inner\">\r\n                        <img decoding=\"async\" width=\"819\" height=\"1024\" src=\"https:\/\/farcomunicacio.com\/wp-content\/uploads\/2026\/03\/Comunicacio-2026-03-30T180312.338-819x1024.png\" class=\"attachment-large size-large lazyload wp-post-image\" alt=\"\" srcset=\"data:image\/svg+xml,%3Csvg%20xmlns%3D%27http%3A%2F%2Fwww.w3.org%2F2000%2Fsvg%27%20width%3D%271080%27%20height%3D%271350%27%20viewBox%3D%270%200%201080%201350%27%3E%3Crect%20width%3D%271080%27%20height%3D%271350%27%20fill-opacity%3D%220%22%2F%3E%3C%2Fsvg%3E\" data-orig-src=\"https:\/\/farcomunicacio.com\/wp-content\/uploads\/2026\/03\/Comunicacio-2026-03-30T180312.338-819x1024.png\" data-srcset=\"https:\/\/farcomunicacio.com\/wp-content\/uploads\/2026\/03\/Comunicacio-2026-03-30T180312.338-200x250.png 200w, https:\/\/farcomunicacio.com\/wp-content\/uploads\/2026\/03\/Comunicacio-2026-03-30T180312.338-240x300.png 240w, https:\/\/farcomunicacio.com\/wp-content\/uploads\/2026\/03\/Comunicacio-2026-03-30T180312.338-400x500.png 400w, https:\/\/farcomunicacio.com\/wp-content\/uploads\/2026\/03\/Comunicacio-2026-03-30T180312.338-600x750.png 600w, https:\/\/farcomunicacio.com\/wp-content\/uploads\/2026\/03\/Comunicacio-2026-03-30T180312.338-768x960.png 768w, https:\/\/farcomunicacio.com\/wp-content\/uploads\/2026\/03\/Comunicacio-2026-03-30T180312.338-800x1000.png 800w, https:\/\/farcomunicacio.com\/wp-content\/uploads\/2026\/03\/Comunicacio-2026-03-30T180312.338-819x1024.png 819w, https:\/\/farcomunicacio.com\/wp-content\/uploads\/2026\/03\/Comunicacio-2026-03-30T180312.338.png 1080w\" data-sizes=\"auto\" \/>                    <\/div>\r\n                <\/div>\r\n            \r\n            <div class=\"tetris-content-block\" style=\"background-color: #91C4BC\">\r\n                <h3>Comunicaci\u00f3n y Sexualidad<\/h3>\r\n                <p><\/p>\r\n                <a class=\"tetris-link\" href=\"https:\/\/farcomunicacio.com\/es\/sin-categoria\/comunicacio-i-sexualitat\/\">\r\n                    Leer m\u00e1s                <\/a>\r\n            <\/div>\r\n\r\n        <\/div>\r\n\r\n        \r\n        <div class=\"tetris-wrapper\">\r\n\r\n                            <div class=\"tetris-image-block\" style=\"background-color: #91C4BCCC\">\r\n                    <div class=\"tetris-image-inner\">\r\n                        <img decoding=\"async\" width=\"819\" height=\"1024\" src=\"https:\/\/farcomunicacio.com\/wp-content\/uploads\/2026\/03\/Comunicacio-2026-03-06T160201.413-819x1024.png\" class=\"attachment-large size-large lazyload wp-post-image\" alt=\"\" srcset=\"data:image\/svg+xml,%3Csvg%20xmlns%3D%27http%3A%2F%2Fwww.w3.org%2F2000%2Fsvg%27%20width%3D%271080%27%20height%3D%271350%27%20viewBox%3D%270%200%201080%201350%27%3E%3Crect%20width%3D%271080%27%20height%3D%271350%27%20fill-opacity%3D%220%22%2F%3E%3C%2Fsvg%3E\" data-orig-src=\"https:\/\/farcomunicacio.com\/wp-content\/uploads\/2026\/03\/Comunicacio-2026-03-06T160201.413-819x1024.png\" data-srcset=\"https:\/\/farcomunicacio.com\/wp-content\/uploads\/2026\/03\/Comunicacio-2026-03-06T160201.413-200x250.png 200w, https:\/\/farcomunicacio.com\/wp-content\/uploads\/2026\/03\/Comunicacio-2026-03-06T160201.413-240x300.png 240w, https:\/\/farcomunicacio.com\/wp-content\/uploads\/2026\/03\/Comunicacio-2026-03-06T160201.413-400x500.png 400w, https:\/\/farcomunicacio.com\/wp-content\/uploads\/2026\/03\/Comunicacio-2026-03-06T160201.413-600x750.png 600w, https:\/\/farcomunicacio.com\/wp-content\/uploads\/2026\/03\/Comunicacio-2026-03-06T160201.413-768x960.png 768w, https:\/\/farcomunicacio.com\/wp-content\/uploads\/2026\/03\/Comunicacio-2026-03-06T160201.413-800x1000.png 800w, https:\/\/farcomunicacio.com\/wp-content\/uploads\/2026\/03\/Comunicacio-2026-03-06T160201.413-819x1024.png 819w, https:\/\/farcomunicacio.com\/wp-content\/uploads\/2026\/03\/Comunicacio-2026-03-06T160201.413.png 1080w\" data-sizes=\"auto\" \/>                    <\/div>\r\n                <\/div>\r\n            \r\n            <div class=\"tetris-content-block\" style=\"background-color: #91C4BCCC\">\r\n                <h3>Comunicaci\u00f3n y TCA<\/h3>\r\n                <p><\/p>\r\n                <a class=\"tetris-link\" href=\"https:\/\/farcomunicacio.com\/es\/sin-categoria\/comunicacion-y-tca\/\">\r\n                    Leer m\u00e1s                <\/a>\r\n            <\/div>\r\n\r\n        <\/div>\r\n\r\n        \r\n        <div class=\"tetris-wrapper\">\r\n\r\n                            <div class=\"tetris-image-block\" style=\"background-color: #578F81\">\r\n                    <div class=\"tetris-image-inner\">\r\n                        <img decoding=\"async\" width=\"682\" height=\"1024\" src=\"https:\/\/farcomunicacio.com\/wp-content\/uploads\/2025\/10\/WhatsApp-Image-2025-10-15-at-08.48.30-4-682x1024.jpeg\" class=\"attachment-large size-large lazyload wp-post-image\" alt=\"\" srcset=\"data:image\/svg+xml,%3Csvg%20xmlns%3D%27http%3A%2F%2Fwww.w3.org%2F2000%2Fsvg%27%20width%3D%271066%27%20height%3D%271600%27%20viewBox%3D%270%200%201066%201600%27%3E%3Crect%20width%3D%271066%27%20height%3D%271600%27%20fill-opacity%3D%220%22%2F%3E%3C%2Fsvg%3E\" data-orig-src=\"https:\/\/farcomunicacio.com\/wp-content\/uploads\/2025\/10\/WhatsApp-Image-2025-10-15-at-08.48.30-4-682x1024.jpeg\" data-srcset=\"https:\/\/farcomunicacio.com\/wp-content\/uploads\/2025\/10\/WhatsApp-Image-2025-10-15-at-08.48.30-4-200x300.jpeg 200w, https:\/\/farcomunicacio.com\/wp-content\/uploads\/2025\/10\/WhatsApp-Image-2025-10-15-at-08.48.30-4-400x600.jpeg 400w, https:\/\/farcomunicacio.com\/wp-content\/uploads\/2025\/10\/WhatsApp-Image-2025-10-15-at-08.48.30-4-600x901.jpeg 600w, https:\/\/farcomunicacio.com\/wp-content\/uploads\/2025\/10\/WhatsApp-Image-2025-10-15-at-08.48.30-4-682x1024.jpeg 682w, https:\/\/farcomunicacio.com\/wp-content\/uploads\/2025\/10\/WhatsApp-Image-2025-10-15-at-08.48.30-4-768x1153.jpeg 768w, https:\/\/farcomunicacio.com\/wp-content\/uploads\/2025\/10\/WhatsApp-Image-2025-10-15-at-08.48.30-4-800x1201.jpeg 800w, https:\/\/farcomunicacio.com\/wp-content\/uploads\/2025\/10\/WhatsApp-Image-2025-10-15-at-08.48.30-4-1023x1536.jpeg 1023w, https:\/\/farcomunicacio.com\/wp-content\/uploads\/2025\/10\/WhatsApp-Image-2025-10-15-at-08.48.30-4.jpeg 1066w\" data-sizes=\"auto\" \/>                    <\/div>\r\n                <\/div>\r\n            \r\n            <div class=\"tetris-content-block\" style=\"background-color: #578F81\">\r\n                <h3>Comunicaci\u00f3n y divulgaci\u00f3n hist\u00f3rica<\/h3>\r\n                <p><\/p>\r\n                <a class=\"tetris-link\" href=\"https:\/\/farcomunicacio.com\/es\/podcast-es\/comunicacion-y-divulgacion-historica\/\">\r\n                    Leer m\u00e1s                <\/a>\r\n            <\/div>\r\n\r\n        <\/div>\r\n\r\n        \r\n        <div class=\"tetris-wrapper\">\r\n\r\n                            <div class=\"tetris-image-block\" style=\"background-color: #91C4BCCC\">\r\n                    <div class=\"tetris-image-inner\">\r\n                        <img decoding=\"async\" width=\"1024\" height=\"683\" src=\"https:\/\/farcomunicacio.com\/wp-content\/uploads\/2025\/09\/portada-1024x683.jpg\" class=\"attachment-large size-large lazyload wp-post-image\" alt=\"\" srcset=\"data:image\/svg+xml,%3Csvg%20xmlns%3D%27http%3A%2F%2Fwww.w3.org%2F2000%2Fsvg%27%20width%3D%271280%27%20height%3D%27854%27%20viewBox%3D%270%200%201280%20854%27%3E%3Crect%20width%3D%271280%27%20height%3D%27854%27%20fill-opacity%3D%220%22%2F%3E%3C%2Fsvg%3E\" data-orig-src=\"https:\/\/farcomunicacio.com\/wp-content\/uploads\/2025\/09\/portada-1024x683.jpg\" data-srcset=\"https:\/\/farcomunicacio.com\/wp-content\/uploads\/2025\/09\/portada-200x133.jpg 200w, https:\/\/farcomunicacio.com\/wp-content\/uploads\/2025\/09\/portada-300x200.jpg 300w, https:\/\/farcomunicacio.com\/wp-content\/uploads\/2025\/09\/portada-400x267.jpg 400w, https:\/\/farcomunicacio.com\/wp-content\/uploads\/2025\/09\/portada-600x400.jpg 600w, https:\/\/farcomunicacio.com\/wp-content\/uploads\/2025\/09\/portada-768x512.jpg 768w, https:\/\/farcomunicacio.com\/wp-content\/uploads\/2025\/09\/portada-800x534.jpg 800w, https:\/\/farcomunicacio.com\/wp-content\/uploads\/2025\/09\/portada-1024x683.jpg 1024w, https:\/\/farcomunicacio.com\/wp-content\/uploads\/2025\/09\/portada-1200x801.jpg 1200w, https:\/\/farcomunicacio.com\/wp-content\/uploads\/2025\/09\/portada.jpg 1280w\" data-sizes=\"auto\" \/>                    <\/div>\r\n                <\/div>\r\n            \r\n            <div class=\"tetris-content-block\" style=\"background-color: #91C4BCCC\">\r\n                <h3>Comunicaci\u00f3n y abusos<\/h3>\r\n                <p><\/p>\r\n                <a class=\"tetris-link\" href=\"https:\/\/farcomunicacio.com\/es\/podcast-es\/comunicacion-y-abusos\/\">\r\n                    Leer m\u00e1s                <\/a>\r\n            <\/div>\r\n\r\n        <\/div>\r\n\r\n        \r\n        <div class=\"tetris-wrapper\">\r\n\r\n                            <div class=\"tetris-image-block\" style=\"background-color: #91C4BCCC\">\r\n                    <div class=\"tetris-image-inner\">\r\n                        <img decoding=\"async\" width=\"1024\" height=\"768\" src=\"https:\/\/farcomunicacio.com\/wp-content\/uploads\/2025\/08\/portada-1024x768.png\" class=\"attachment-large size-large lazyload wp-post-image\" alt=\"\" srcset=\"data:image\/svg+xml,%3Csvg%20xmlns%3D%27http%3A%2F%2Fwww.w3.org%2F2000%2Fsvg%27%20width%3D%271280%27%20height%3D%27960%27%20viewBox%3D%270%200%201280%20960%27%3E%3Crect%20width%3D%271280%27%20height%3D%27960%27%20fill-opacity%3D%220%22%2F%3E%3C%2Fsvg%3E\" data-orig-src=\"https:\/\/farcomunicacio.com\/wp-content\/uploads\/2025\/08\/portada-1024x768.png\" data-srcset=\"https:\/\/farcomunicacio.com\/wp-content\/uploads\/2025\/08\/portada-200x150.png 200w, https:\/\/farcomunicacio.com\/wp-content\/uploads\/2025\/08\/portada-300x225.png 300w, https:\/\/farcomunicacio.com\/wp-content\/uploads\/2025\/08\/portada-400x300.png 400w, https:\/\/farcomunicacio.com\/wp-content\/uploads\/2025\/08\/portada-600x450.png 600w, https:\/\/farcomunicacio.com\/wp-content\/uploads\/2025\/08\/portada-768x576.png 768w, https:\/\/farcomunicacio.com\/wp-content\/uploads\/2025\/08\/portada-800x600.png 800w, https:\/\/farcomunicacio.com\/wp-content\/uploads\/2025\/08\/portada-1024x768.png 1024w, https:\/\/farcomunicacio.com\/wp-content\/uploads\/2025\/08\/portada-1200x900.png 1200w, https:\/\/farcomunicacio.com\/wp-content\/uploads\/2025\/08\/portada.png 1280w\" data-sizes=\"auto\" \/>                    <\/div>\r\n                <\/div>\r\n            \r\n            <div class=\"tetris-content-block\" style=\"background-color: #91C4BCCC\">\r\n                <h3>Comunicaci\u00f3n y crisis humanitarias<\/h3>\r\n                <p><\/p>\r\n                <a class=\"tetris-link\" href=\"https:\/\/farcomunicacio.com\/es\/podcast-es\/comunicacion-y-crisis-humanitarias\/\">\r\n                    Leer m\u00e1s                <\/a>\r\n            <\/div>\r\n\r\n        <\/div>\r\n\r\n        \r\n        <div class=\"tetris-wrapper\">\r\n\r\n                            <div class=\"tetris-image-block\" style=\"background-color: #578F81\">\r\n                    <div class=\"tetris-image-inner\">\r\n                        <img decoding=\"async\" width=\"1024\" height=\"768\" src=\"https:\/\/farcomunicacio.com\/wp-content\/uploads\/2025\/07\/Imatge-que-il\u00b7lustri-un-pla-de-comunicacio-nomes-amb-icones-sense-text-1024x768.jpg\" class=\"attachment-large size-large lazyload wp-post-image\" alt=\"\" srcset=\"data:image\/svg+xml,%3Csvg%20xmlns%3D%27http%3A%2F%2Fwww.w3.org%2F2000%2Fsvg%27%20width%3D%271280%27%20height%3D%27960%27%20viewBox%3D%270%200%201280%20960%27%3E%3Crect%20width%3D%271280%27%20height%3D%27960%27%20fill-opacity%3D%220%22%2F%3E%3C%2Fsvg%3E\" data-orig-src=\"https:\/\/farcomunicacio.com\/wp-content\/uploads\/2025\/07\/Imatge-que-il\u00b7lustri-un-pla-de-comunicacio-nomes-amb-icones-sense-text-1024x768.jpg\" data-srcset=\"https:\/\/farcomunicacio.com\/wp-content\/uploads\/2025\/07\/Imatge-que-il\u00b7lustri-un-pla-de-comunicacio-nomes-amb-icones-sense-text-200x150.jpg 200w, https:\/\/farcomunicacio.com\/wp-content\/uploads\/2025\/07\/Imatge-que-il\u00b7lustri-un-pla-de-comunicacio-nomes-amb-icones-sense-text-300x225.jpg 300w, https:\/\/farcomunicacio.com\/wp-content\/uploads\/2025\/07\/Imatge-que-il\u00b7lustri-un-pla-de-comunicacio-nomes-amb-icones-sense-text-400x300.jpg 400w, https:\/\/farcomunicacio.com\/wp-content\/uploads\/2025\/07\/Imatge-que-il\u00b7lustri-un-pla-de-comunicacio-nomes-amb-icones-sense-text-600x450.jpg 600w, https:\/\/farcomunicacio.com\/wp-content\/uploads\/2025\/07\/Imatge-que-il\u00b7lustri-un-pla-de-comunicacio-nomes-amb-icones-sense-text-768x576.jpg 768w, https:\/\/farcomunicacio.com\/wp-content\/uploads\/2025\/07\/Imatge-que-il\u00b7lustri-un-pla-de-comunicacio-nomes-amb-icones-sense-text-800x600.jpg 800w, https:\/\/farcomunicacio.com\/wp-content\/uploads\/2025\/07\/Imatge-que-il\u00b7lustri-un-pla-de-comunicacio-nomes-amb-icones-sense-text-1024x768.jpg 1024w, https:\/\/farcomunicacio.com\/wp-content\/uploads\/2025\/07\/Imatge-que-il\u00b7lustri-un-pla-de-comunicacio-nomes-amb-icones-sense-text-1200x900.jpg 1200w, https:\/\/farcomunicacio.com\/wp-content\/uploads\/2025\/07\/Imatge-que-il\u00b7lustri-un-pla-de-comunicacio-nomes-amb-icones-sense-text.jpg 1280w\" data-sizes=\"auto\" \/>                    <\/div>\r\n                <\/div>\r\n            \r\n            <div class=\"tetris-content-block\" style=\"background-color: #578F81\">\r\n                <h3>Comunicar con estrategia vs comunicar sin estrategia<\/h3>\r\n                <p><\/p>\r\n                <a class=\"tetris-link\" href=\"https:\/\/farcomunicacio.com\/es\/sin-categoria\/comunicar-amb-estrategia\/\">\r\n                    Leer m\u00e1s                <\/a>\r\n            <\/div>\r\n\r\n        <\/div>\r\n\r\n        <\/div>\n<\/div><\/div><\/div><\/div><\/div><\/p>\n","protected":false},"excerpt":{"rendered":"","protected":false},"author":1,"featured_media":0,"parent":0,"menu_order":0,"comment_status":"closed","ping_status":"closed","template":"100-width.php","meta":{"footnotes":""},"class_list":["post-191","page","type-page","status-publish","hentry"],"_links":{"self":[{"href":"https:\/\/farcomunicacio.com\/es\/wp-json\/wp\/v2\/pages\/191","targetHints":{"allow":["GET"]}}],"collection":[{"href":"https:\/\/farcomunicacio.com\/es\/wp-json\/wp\/v2\/pages"}],"about":[{"href":"https:\/\/farcomunicacio.com\/es\/wp-json\/wp\/v2\/types\/page"}],"author":[{"embeddable":true,"href":"https:\/\/farcomunicacio.com\/es\/wp-json\/wp\/v2\/users\/1"}],"replies":[{"embeddable":true,"href":"https:\/\/farcomunicacio.com\/es\/wp-json\/wp\/v2\/comments?post=191"}],"version-history":[{"count":5,"href":"https:\/\/farcomunicacio.com\/es\/wp-json\/wp\/v2\/pages\/191\/revisions"}],"predecessor-version":[{"id":237,"href":"https:\/\/farcomunicacio.com\/es\/wp-json\/wp\/v2\/pages\/191\/revisions\/237"}],"wp:attachment":[{"href":"https:\/\/farcomunicacio.com\/es\/wp-json\/wp\/v2\/media?parent=191"}],"curies":[{"name":"wp","href":"https:\/\/api.w.org\/{rel}","templated":true}]}}